{"id":80,"date":"2010-08-13T14:29:10","date_gmt":"2010-08-13T12:29:10","guid":{"rendered":"http:\/\/www.unroll.de\/?page_id=80"},"modified":"2017-03-01T12:46:11","modified_gmt":"2017-03-01T11:46:11","slug":"impressum","status":"publish","type":"page","link":"http:\/\/www.unroll.de\/?page_id=80","title":{"rendered":"Impressum"},"content":{"rendered":"<p><strong>V.i.S.d.P. + Verantwortliche gem\u00e4\u00df \u00a7 10 Absatz 3 MDStV:<\/strong><br \/>\nBj\u00f6rn H. Friedrich<br \/>\nJosefine-Clouth-Str. 13<br \/>\n50733 K\u00f6ln<\/p>\n<p>tel: +49.221.9311267<br \/>\nemail Bj\u00f6rn Friedrich: Bjoern (dot) Friedrich (at) gmx (dot) at<\/p>\n<p><a href=\"http:\/\/www.disclaimer.de\/disclaimer.htm?farbe=FFFFFF\/000000\/000000\/000000\">Disclaimer<\/a><\/p>\n<p><strong>Rechtliche Hinweise<\/strong><br \/>\nWir pr\u00fcfen und aktualisieren die Informationen auf ihren Webseiten  st\u00e4ndig. Trotz aller Sorgfalt k\u00f6nnen sich die Daten inzwischen ver\u00e4ndert  haben. Eine Haftung oder Garantie f\u00fcr die Aktualit\u00e4t, Richtigkeit und  Vollst\u00e4ndigkeit der zur Verf\u00fcgung gestellten Informationen kann daher  nicht \u00fcbernommen werden. Gleiches gilt auch f\u00fcr alle anderen Webseiten,  auf die mittels Hyperlink verwiesen wird. Ich bin f\u00fcr den Inhalt der  Webseiten, die aufgrund einer solchen Verbindung erreicht werden, nicht  verantwortlich. Des Weiteren behalte ich mir das Recht vor,  \u00c4nderungen oder Erg\u00e4nzungen der bereitgestellten Informationen  vorzunehmen. Inhalt und Struktur der Webseiten sind urheberrechtlich  gesch\u00fctzt. Die kommerzielle Vervielf\u00e4ltigung von Informationen oder  Daten, insbesondere die kommerzielle Verwendung von Texten, Textteilen  oder Bildmaterial, bedarf der vorherigen Zustimmung. Beachten Sie hierzu  die Creative Commons Lizenz.<\/p>\n","protected":false},"excerpt":{"rendered":"<p>V.i.S.d.P. + Verantwortliche gem\u00e4\u00df \u00a7 10 Absatz 3 MDStV: Bj\u00f6rn H. Friedrich Josefine-Clouth-Str. 13 50733 K\u00f6ln tel: +49.221.9311267 email Bj\u00f6rn Friedrich: Bjoern (dot) Friedrich (at) gmx (dot) at Disclaimer Rechtliche Hinweise Wir pr\u00fcfen und aktualisieren die Informationen auf ihren Webseiten &hellip; <a href=\"http:\/\/www.unroll.de\/?page_id=80\">Weiterlesen <span class=\"meta-nav\">&rarr;<\/span><\/a><\/p>\n","protected":false},"author":1,"featured_media":0,"parent":0,"menu_order":0,"comment_status":"open","ping_status":"open","template":"","meta":{"footnotes":""},"class_list":["post-80","page","type-page","status-publish","hentry"],"_links":{"self":[{"href":"http:\/\/www.unroll.de\/index.php?rest_route=\/wp\/v2\/pages\/80"}],"collection":[{"href":"http:\/\/www.unroll.de\/index.php?rest_route=\/wp\/v2\/pages"}],"about":[{"href":"http:\/\/www.unroll.de\/index.php?rest_route=\/wp\/v2\/types\/page"}],"author":[{"embeddable":true,"href":"http:\/\/www.unroll.de\/index.php?rest_route=\/wp\/v2\/users\/1"}],"replies":[{"embeddable":true,"href":"http:\/\/www.unroll.de\/index.php?rest_route=%2Fwp%2Fv2%2Fcomments&post=80"}],"version-history":[{"count":6,"href":"http:\/\/www.unroll.de\/index.php?rest_route=\/wp\/v2\/pages\/80\/revisions"}],"predecessor-version":[{"id":111,"href":"http:\/\/www.unroll.de\/index.php?rest_route=\/wp\/v2\/pages\/80\/revisions\/111"}],"wp:attachment":[{"href":"http:\/\/www.unroll.de\/index.php?rest_route=%2Fwp%2Fv2%2Fmedia&parent=80"}],"curies":[{"name":"wp","href":"https:\/\/api.w.org\/{rel}","templated":true}]}}